{"id":860,"date":"2025-05-14T07:33:33","date_gmt":"2025-05-14T10:33:33","guid":{"rendered":"https:\/\/parquechapadadiamantina.com\/?page_id=860"},"modified":"2025-05-14T08:05:17","modified_gmt":"2025-05-14T11:05:17","slug":"termos","status":"publish","type":"page","link":"https:\/\/parquechapadadiamantina.com\/en\/termos\/","title":{"rendered":"Termos"},"content":{"rendered":"<p><strong>\u00daltima atualiza\u00e7\u00e3o:<\/strong> 14\/05\/2025.<\/p>\n\n\n\n<h3 class=\"wp-block-heading\" id=\"h-1-aceitacao-dos-termos\">1. Aceita\u00e7\u00e3o dos Termos<\/h3>\n\n\n\n<p>Ao acessar e utilizar o site <a class=\"\" href=\"https:\/\/parquechapadadiamantina.com\/en\/\">parquechapadadiamantina.com<\/a>, voc\u00ea concorda em cumprir estes Termos de Uso e todas as leis e regulamentos aplic\u00e1veis.<\/p>\n\n\n\n<h3 class=\"wp-block-heading\" id=\"h-2-uso-do-site\">2. Uso do Site<\/h3>\n\n\n\n<p>Voc\u00ea se compromete a utilizar o site apenas para fins legais e de maneira que n\u00e3o infrinja os direitos de terceiros ou restrinja o uso do site por outros usu\u00e1rios.<\/p>\n\n\n\n<h3 class=\"wp-block-heading\" id=\"h-3-propriedade-intelectual\">3. Propriedade Intelectual<\/h3>\n\n\n\n<p>Todo o conte\u00fado do site, incluindo textos, imagens e logotipos, \u00e9 de propriedade exclusiva do propriet\u00e1rio do site ou de terceiros licenciados, sendo protegido pelas leis de direitos autorais e propriedade intelectual.<\/p>\n\n\n\n<p>O uso de imagens foi majoritariamente selecionado no banco de imagens Deposit Photos, enquanto outras foram adquiridas na licen\u00e7a gratuita do Flickr e tamb\u00e9m de bancos de dados gratuitos como Unsplash. <\/p>\n\n\n\n<h3 class=\"wp-block-heading\" id=\"h-4-links-para-terceiros\">4. Links para Terceiros<\/h3>\n\n\n\n<p>Nosso site pode conter links para sites de terceiros. N\u00e3o nos responsabilizamos pelo conte\u00fado ou pr\u00e1ticas de privacidade desses sites.<\/p>\n\n\n\n<h3 class=\"wp-block-heading\" id=\"h-5-limitacao-de-responsabilidade\">5. Limita\u00e7\u00e3o de Responsabilidade<\/h3>\n\n\n\n<p>N\u00e3o garantimos que o site estar\u00e1 dispon\u00edvel de forma ininterrupta ou livre de erros. N\u00e3o nos responsabilizamos por quaisquer danos decorrentes do uso ou da incapacidade de uso do site.<\/p>\n\n\n\n<h3 class=\"wp-block-heading\" id=\"h-6-modificacoes-dos-termos\">6. Modifica\u00e7\u00f5es dos Termos<\/h3>\n\n\n\n<p>Reservamo-nos o direito de modificar estes Termos de Uso a qualquer momento. As altera\u00e7\u00f5es entrar\u00e3o em vigor imediatamente ap\u00f3s a publica\u00e7\u00e3o no site.<\/p>\n\n\n\n<h3 class=\"wp-block-heading\" id=\"h-7-lei-aplicavel\">7. Lei Aplic\u00e1vel<\/h3>\n\n\n\n<p>Estes Termos de Uso s\u00e3o regidos pelas leis da Rep\u00fablica Federativa do Brasil. Qualquer disputa ser\u00e1 resolvida no foro da comarca de Americana, Estado de S\u00e3o Paulo.<\/p>\n\n\n\n<hr class=\"wp-block-separator has-alpha-channel-opacity\"\/>","protected":false},"excerpt":{"rendered":"<p>\u00daltima atualiza\u00e7\u00e3o: 14\/05\/2025. 1. Aceita\u00e7\u00e3o dos Termos Ao acessar e utilizar o site parquechapadadiamantina.com, voc\u00ea concorda em cumprir estes Termos de Uso e todas as leis e regulamentos aplic\u00e1veis. 2. Uso do Site Voc\u00ea se compromete a utilizar o site apenas para fins legais e de maneira que n\u00e3o infrinja os direitos de terceiros ou [&hellip;]<\/p>\n","protected":false},"author":1,"featured_media":0,"parent":0,"menu_order":0,"comment_status":"closed","ping_status":"closed","template":"","meta":{"footnotes":""},"class_list":["post-860","page","type-page","status-publish","hentry"],"blocksy_meta":[],"yoast_head":"<!-- This site is optimized with the Yoast SEO Premium plugin v26.7 (Yoast SEO v27.3) - https:\/\/yoast.com\/product\/yoast-seo-premium-wordpress\/ -->\n<title>Termos - Parque Nacional da Chapada Diamantina<\/title>\n<meta name=\"robots\" content=\"index, follow, max-snippet:-1, max-image-preview:large, max-video-preview:-1\" \/>\n<link rel=\"canonical\" href=\"https:\/\/parquechapadadiamantina.com\/en\/termos\/\" \/>\n<meta property=\"og:locale\" content=\"en_US\" \/>\n<meta property=\"og:type\" content=\"article\" \/>\n<meta property=\"og:title\" content=\"Termos\" \/>\n<meta property=\"og:description\" content=\"\u00daltima atualiza\u00e7\u00e3o: 14\/05\/2025. 1. Aceita\u00e7\u00e3o dos Termos Ao acessar e utilizar o site parquechapadadiamantina.com, voc\u00ea concorda em cumprir estes Termos de Uso e todas as leis e regulamentos aplic\u00e1veis. 2. Uso do Site Voc\u00ea se compromete a utilizar o site apenas para fins legais e de maneira que n\u00e3o infrinja os direitos de terceiros ou [&hellip;]\" \/>\n<meta property=\"og:url\" content=\"https:\/\/parquechapadadiamantina.com\/en\/termos\/\" \/>\n<meta property=\"og:site_name\" content=\"Parque Nacional da Chapada Diamantina\" \/>\n<meta property=\"article:modified_time\" content=\"2025-05-14T11:05:17+00:00\" \/>\n<meta property=\"og:image\" content=\"https:\/\/parquechapadadiamantina.com\/wp-content\/uploads\/2025\/05\/20250508-imagem_destacando_chapada_diamantina.jpg\" \/>\n\t<meta property=\"og:image:width\" content=\"2400\" \/>\n\t<meta property=\"og:image:height\" content=\"1600\" \/>\n\t<meta property=\"og:image:type\" content=\"image\/jpeg\" \/>\n<meta name=\"twitter:card\" content=\"summary_large_image\" \/>\n<meta name=\"twitter:label1\" content=\"Est. reading time\" \/>\n\t<meta name=\"twitter:data1\" content=\"2 minutes\" \/>\n<script type=\"application\/ld+json\" class=\"yoast-schema-graph\">{\"@context\":\"https:\\\/\\\/schema.org\",\"@graph\":[{\"@type\":\"WebPage\",\"@id\":\"https:\\\/\\\/parquechapadadiamantina.com\\\/termos\\\/\",\"url\":\"https:\\\/\\\/parquechapadadiamantina.com\\\/termos\\\/\",\"name\":\"Termos - Parque Nacional da Chapada Diamantina\",\"isPartOf\":{\"@id\":\"https:\\\/\\\/parquechapadadiamantina.com\\\/#website\"},\"datePublished\":\"2025-05-14T10:33:33+00:00\",\"dateModified\":\"2025-05-14T11:05:17+00:00\",\"breadcrumb\":{\"@id\":\"https:\\\/\\\/parquechapadadiamantina.com\\\/termos\\\/#breadcrumb\"},\"inLanguage\":\"en-US\",\"potentialAction\":[{\"@type\":\"ReadAction\",\"target\":[\"https:\\\/\\\/parquechapadadiamantina.com\\\/termos\\\/\"]}]},{\"@type\":\"BreadcrumbList\",\"@id\":\"https:\\\/\\\/parquechapadadiamantina.com\\\/termos\\\/#breadcrumb\",\"itemListElement\":[{\"@type\":\"ListItem\",\"position\":1,\"name\":\"In\u00edcio\",\"item\":\"https:\\\/\\\/parquechapadadiamantina.com\\\/\"},{\"@type\":\"ListItem\",\"position\":2,\"name\":\"Termos\"}]},{\"@type\":\"WebSite\",\"@id\":\"https:\\\/\\\/parquechapadadiamantina.com\\\/#website\",\"url\":\"https:\\\/\\\/parquechapadadiamantina.com\\\/\",\"name\":\"Parque Nacional da Chapada Diamantina\",\"description\":\"Para\u00edso natural com trilhas, cachoeiras e paisagens deslumbrantes na Bahia.\",\"publisher\":{\"@id\":\"https:\\\/\\\/parquechapadadiamantina.com\\\/#organization\"},\"alternateName\":\"Parque Nacional da Chapada Diamantina\",\"potentialAction\":[{\"@type\":\"SearchAction\",\"target\":{\"@type\":\"EntryPoint\",\"urlTemplate\":\"https:\\\/\\\/parquechapadadiamantina.com\\\/?s={search_term_string}\"},\"query-input\":{\"@type\":\"PropertyValueSpecification\",\"valueRequired\":true,\"valueName\":\"search_term_string\"}}],\"inLanguage\":\"en-US\"},{\"@type\":\"Organization\",\"@id\":\"https:\\\/\\\/parquechapadadiamantina.com\\\/#organization\",\"name\":\"Parque Nacional da Chapada Diamantina\",\"alternateName\":\"Parque Nacional da Chapada Diamantina\",\"url\":\"https:\\\/\\\/parquechapadadiamantina.com\\\/\",\"logo\":{\"@type\":\"ImageObject\",\"inLanguage\":\"en-US\",\"@id\":\"https:\\\/\\\/parquechapadadiamantina.com\\\/#\\\/schema\\\/logo\\\/image\\\/\",\"url\":\"https:\\\/\\\/parquechapadadiamantina.com\\\/wp-content\\\/uploads\\\/2025\\\/05\\\/20250508-logo-horizontal-chapada-diamantina.png\",\"contentUrl\":\"https:\\\/\\\/parquechapadadiamantina.com\\\/wp-content\\\/uploads\\\/2025\\\/05\\\/20250508-logo-horizontal-chapada-diamantina.png\",\"width\":600,\"height\":300,\"caption\":\"Parque Nacional da Chapada Diamantina\"},\"image\":{\"@id\":\"https:\\\/\\\/parquechapadadiamantina.com\\\/#\\\/schema\\\/logo\\\/image\\\/\"},\"sameAs\":[\"https:\\\/\\\/www.tripadvisor.com.br\\\/Attraction_Review-g2333955-d312500-Reviews-Chapada_Diamantina_National_Park-Palmeiras_State_of_Bahia.html\",\"https:\\\/\\\/cadastur.turismo.gov.br\\\/\",\"https:\\\/\\\/www.instagram.com\\\/chapadadiamantina\\\/\"],\"description\":\"Para\u00edso natural com trilhas, cachoeiras e paisagens deslumbrantes na Bahia.\",\"email\":\"contato@parquechapadadiamantina.com\",\"legalName\":\"Parque Nacional da Chapada Diamantina\",\"numberOfEmployees\":{\"@type\":\"QuantitativeValue\",\"minValue\":\"51\",\"maxValue\":\"200\"}}]}<\/script>\n<!-- \/ Yoast SEO Premium plugin. -->","yoast_head_json":{"title":"Termos - Parque Nacional da Chapada Diamantina","robots":{"index":"index","follow":"follow","max-snippet":"max-snippet:-1","max-image-preview":"max-image-preview:large","max-video-preview":"max-video-preview:-1"},"canonical":"https:\/\/parquechapadadiamantina.com\/en\/termos\/","og_locale":"en_US","og_type":"article","og_title":"Termos","og_description":"\u00daltima atualiza\u00e7\u00e3o: 14\/05\/2025. 1. Aceita\u00e7\u00e3o dos Termos Ao acessar e utilizar o site parquechapadadiamantina.com, voc\u00ea concorda em cumprir estes Termos de Uso e todas as leis e regulamentos aplic\u00e1veis. 2. Uso do Site Voc\u00ea se compromete a utilizar o site apenas para fins legais e de maneira que n\u00e3o infrinja os direitos de terceiros ou [&hellip;]","og_url":"https:\/\/parquechapadadiamantina.com\/en\/termos\/","og_site_name":"Parque Nacional da Chapada Diamantina","article_modified_time":"2025-05-14T11:05:17+00:00","og_image":[{"width":2400,"height":1600,"url":"https:\/\/parquechapadadiamantina.com\/wp-content\/uploads\/2025\/05\/20250508-imagem_destacando_chapada_diamantina.jpg","type":"image\/jpeg"}],"twitter_card":"summary_large_image","twitter_misc":{"Est. reading time":"2 minutes"},"schema":{"@context":"https:\/\/schema.org","@graph":[{"@type":"WebPage","@id":"https:\/\/parquechapadadiamantina.com\/termos\/","url":"https:\/\/parquechapadadiamantina.com\/termos\/","name":"Termos - Parque Nacional da Chapada Diamantina","isPartOf":{"@id":"https:\/\/parquechapadadiamantina.com\/#website"},"datePublished":"2025-05-14T10:33:33+00:00","dateModified":"2025-05-14T11:05:17+00:00","breadcrumb":{"@id":"https:\/\/parquechapadadiamantina.com\/termos\/#breadcrumb"},"inLanguage":"en-US","potentialAction":[{"@type":"ReadAction","target":["https:\/\/parquechapadadiamantina.com\/termos\/"]}]},{"@type":"BreadcrumbList","@id":"https:\/\/parquechapadadiamantina.com\/termos\/#breadcrumb","itemListElement":[{"@type":"ListItem","position":1,"name":"In\u00edcio","item":"https:\/\/parquechapadadiamantina.com\/"},{"@type":"ListItem","position":2,"name":"Termos"}]},{"@type":"WebSite","@id":"https:\/\/parquechapadadiamantina.com\/#website","url":"https:\/\/parquechapadadiamantina.com\/","name":"Chapada Diamantina National Park","description":"Natural paradise with trails, waterfalls, and breathtaking landscapes in Bahia.","publisher":{"@id":"https:\/\/parquechapadadiamantina.com\/#organization"},"alternateName":"Parque Nacional da Chapada Diamantina","potentialAction":[{"@type":"SearchAction","target":{"@type":"EntryPoint","urlTemplate":"https:\/\/parquechapadadiamantina.com\/?s={search_term_string}"},"query-input":{"@type":"PropertyValueSpecification","valueRequired":true,"valueName":"search_term_string"}}],"inLanguage":"en-US"},{"@type":"Organization","@id":"https:\/\/parquechapadadiamantina.com\/#organization","name":"Chapada Diamantina National Park","alternateName":"Parque Nacional da Chapada Diamantina","url":"https:\/\/parquechapadadiamantina.com\/","logo":{"@type":"ImageObject","inLanguage":"en-US","@id":"https:\/\/parquechapadadiamantina.com\/#\/schema\/logo\/image\/","url":"https:\/\/parquechapadadiamantina.com\/wp-content\/uploads\/2025\/05\/20250508-logo-horizontal-chapada-diamantina.png","contentUrl":"https:\/\/parquechapadadiamantina.com\/wp-content\/uploads\/2025\/05\/20250508-logo-horizontal-chapada-diamantina.png","width":600,"height":300,"caption":"Parque Nacional da Chapada Diamantina"},"image":{"@id":"https:\/\/parquechapadadiamantina.com\/#\/schema\/logo\/image\/"},"sameAs":["https:\/\/www.tripadvisor.com.br\/Attraction_Review-g2333955-d312500-Reviews-Chapada_Diamantina_National_Park-Palmeiras_State_of_Bahia.html","https:\/\/cadastur.turismo.gov.br\/","https:\/\/www.instagram.com\/chapadadiamantina\/"],"description":"Natural paradise with trails, waterfalls, and breathtaking landscapes in Bahia.","email":"contato@parquechapadadiamantina.com","legalName":"Parque Nacional da Chapada Diamantina","numberOfEmployees":{"@type":"QuantitativeValue","minValue":"51","maxValue":"200"}}]}},"_links":{"self":[{"href":"https:\/\/parquechapadadiamantina.com\/en\/wp-json\/wp\/v2\/pages\/860","targetHints":{"allow":["GET"]}}],"collection":[{"href":"https:\/\/parquechapadadiamantina.com\/en\/wp-json\/wp\/v2\/pages"}],"about":[{"href":"https:\/\/parquechapadadiamantina.com\/en\/wp-json\/wp\/v2\/types\/page"}],"author":[{"embeddable":true,"href":"https:\/\/parquechapadadiamantina.com\/en\/wp-json\/wp\/v2\/users\/1"}],"replies":[{"embeddable":true,"href":"https:\/\/parquechapadadiamantina.com\/en\/wp-json\/wp\/v2\/comments?post=860"}],"version-history":[{"count":3,"href":"https:\/\/parquechapadadiamantina.com\/en\/wp-json\/wp\/v2\/pages\/860\/revisions"}],"predecessor-version":[{"id":869,"href":"https:\/\/parquechapadadiamantina.com\/en\/wp-json\/wp\/v2\/pages\/860\/revisions\/869"}],"wp:attachment":[{"href":"https:\/\/parquechapadadiamantina.com\/en\/wp-json\/wp\/v2\/media?parent=860"}],"curies":[{"name":"wp","href":"https:\/\/api.w.org\/{rel}","templated":true}]}}